{"id":996,"date":"2021-04-23T07:52:25","date_gmt":"2021-04-23T07:52:25","guid":{"rendered":"https:\/\/vaidefios.com.br\/index.php\/services\/"},"modified":"2023-06-29T16:31:37","modified_gmt":"2023-06-29T19:31:37","slug":"services","status":"publish","type":"page","link":"https:\/\/vaidefios.com.br\/index.php\/services\/","title":{"rendered":"Services"},"content":{"rendered":"\t\t<div data-elementor-type=\"wp-page\" data-elementor-id=\"996\" class=\"elementor elementor-996\">\n\t\t\t\t\t\t\t\t\t<section class=\"elementor-section elementor-top-section elementor-element elementor-element-1faed10 elementor-section-boxed elementor-section-height-default elementor-section-height-default\" data-id=\"1faed10\" data-element_type=\"section\" data-settings=\"{&quot;background_background&quot;:&quot;classic&quot;}\">\n\t\t\t\t\t\t<div class=\"elementor-container elementor-column-gap-no\">\n\t\t\t\t\t<div class=\"elementor-column elementor-col-100 elementor-top-column elementor-element elementor-element-fd32f0b\" data-id=\"fd32f0b\" data-element_type=\"column\">\n\t\t\t<div class=\"elementor-widget-wrap elementor-element-populated\">\n\t\t\t\t\t\t\t\t<div class=\"elementor-element elementor-element-2dfe279 elementor-invisible elementor-widget elementor-widget-heading\" data-id=\"2dfe279\" data-element_type=\"widget\" data-settings=\"{&quot;_animation&quot;:&quot;fadeInUp&quot;}\" data-widget_type=\"heading.default\">\n\t\t\t\t<div class=\"elementor-widget-container\">\n\t\t\t<style>\/*! elementor - v3.14.0 - 26-06-2023 *\/\n.elementor-heading-title{padding:0;margin:0;line-height:1}.elementor-widget-heading .elementor-heading-title[class*=elementor-size-]>a{color:inherit;font-size:inherit;line-height:inherit}.elementor-widget-heading .elementor-heading-title.elementor-size-small{font-size:15px}.elementor-widget-heading .elementor-heading-title.elementor-size-medium{font-size:19px}.elementor-widget-heading .elementor-heading-title.elementor-size-large{font-size:29px}.elementor-widget-heading .elementor-heading-title.elementor-size-xl{font-size:39px}.elementor-widget-heading .elementor-heading-title.elementor-size-xxl{font-size:59px}<\/style><h1 class=\"elementor-heading-title elementor-size-default\">Nossos Servi\u00e7os<\/h1>\t\t<\/div>\n\t\t\t\t<\/div>\n\t\t\t\t\t<\/div>\n\t\t<\/div>\n\t\t\t\t\t\t\t<\/div>\n\t\t<\/section>\n\t\t\t\t<section class=\"elementor-section elementor-top-section elementor-element elementor-element-335a2c8 elementor-section-boxed elementor-section-height-default elementor-section-height-default\" data-id=\"335a2c8\" data-element_type=\"section\" data-settings=\"{&quot;background_background&quot;:&quot;classic&quot;}\">\n\t\t\t\t\t\t<div class=\"elementor-container elementor-column-gap-default\">\n\t\t\t\t\t<div class=\"elementor-column elementor-col-100 elementor-top-column elementor-element elementor-element-1b460ae\" data-id=\"1b460ae\" data-element_type=\"column\">\n\t\t\t<div class=\"elementor-widget-wrap elementor-element-populated\">\n\t\t\t\t\t\t\t\t<section class=\"elementor-section elementor-inner-section elementor-element elementor-element-1a4cc86 elementor-section-boxed elementor-section-height-default elementor-section-height-default\" data-id=\"1a4cc86\" data-element_type=\"section\">\n\t\t\t\t\t\t<div class=\"elementor-container elementor-column-gap-extended\">\n\t\t\t\t\t<div class=\"elementor-column elementor-col-33 elementor-inner-column elementor-element elementor-element-079c340\" data-id=\"079c340\" data-element_type=\"column\">\n\t\t\t<div class=\"elementor-widget-wrap elementor-element-populated\">\n\t\t\t\t\t\t\t\t<div class=\"elementor-element elementor-element-186b980 elementor-invisible elementor-widget elementor-widget-image\" data-id=\"186b980\" data-element_type=\"widget\" data-settings=\"{&quot;_animation&quot;:&quot;fadeInUp&quot;}\" data-widget_type=\"image.default\">\n\t\t\t\t<div class=\"elementor-widget-container\">\n\t\t\t<style>\/*! elementor - v3.14.0 - 26-06-2023 *\/\n.elementor-widget-image{text-align:center}.elementor-widget-image a{display:inline-block}.elementor-widget-image a img[src$=\".svg\"]{width:48px}.elementor-widget-image img{vertical-align:middle;display:inline-block}<\/style>\t\t\t\t\t\t\t\t\t\t\t\t<img decoding=\"async\" width=\"400\" height=\"400\" src=\"https:\/\/vaidefios.com.br\/wp-content\/uploads\/2021\/04\/makeup.jpg\" class=\"attachment-full size-full wp-image-135\" alt=\"\" loading=\"lazy\" srcset=\"https:\/\/vaidefios.com.br\/wp-content\/uploads\/2021\/04\/makeup.jpg 400w, https:\/\/vaidefios.com.br\/wp-content\/uploads\/2021\/04\/makeup-300x300.jpg 300w, https:\/\/vaidefios.com.br\/wp-content\/uploads\/2021\/04\/makeup-150x150.jpg 150w\" sizes=\"(max-width: 400px) 100vw, 400px\" \/>\t\t\t\t\t\t\t\t\t\t\t\t\t\t\t<\/div>\n\t\t\t\t<\/div>\n\t\t\t\t<div class=\"elementor-element elementor-element-5298729 elementor-widget elementor-widget-heading\" data-id=\"5298729\" data-element_type=\"widget\" data-widget_type=\"heading.default\">\n\t\t\t\t<div class=\"elementor-widget-container\">\n\t\t\t<h4 class=\"elementor-heading-title elementor-size-default\">Maquiagem<\/h4>\t\t<\/div>\n\t\t\t\t<\/div>\n\t\t\t\t<div class=\"elementor-element elementor-element-f52d457 elementor-widget elementor-widget-text-editor\" data-id=\"f52d457\" data-element_type=\"widget\" data-widget_type=\"text-editor.default\">\n\t\t\t\t<div class=\"elementor-widget-container\">\n\t\t\t<style>\/*! elementor - v3.14.0 - 26-06-2023 *\/\n.elementor-widget-text-editor.elementor-drop-cap-view-stacked .elementor-drop-cap{background-color:#69727d;color:#fff}.elementor-widget-text-editor.elementor-drop-cap-view-framed .elementor-drop-cap{color:#69727d;border:3px solid;background-color:transparent}.elementor-widget-text-editor:not(.elementor-drop-cap-view-default) .elementor-drop-cap{margin-top:8px}.elementor-widget-text-editor:not(.elementor-drop-cap-view-default) .elementor-drop-cap-letter{width:1em;height:1em}.elementor-widget-text-editor .elementor-drop-cap{float:left;text-align:center;line-height:1;font-size:50px}.elementor-widget-text-editor .elementor-drop-cap-letter{display:inline-block}<\/style>\t\t\t\t<p>Nossos maquiadores experientes est\u00e3o prontos para real\u00e7ar sua beleza natural. Seja para uma ocasi\u00e3o especial ou apenas para se sentir confiante no dia a dia, oferecemos uma variedade de t\u00e9cnicas e produtos de alta qualidade para criar uma maquiagem perfeita, ressaltando seus melhores tra\u00e7os.<\/p>\t\t\t\t\t\t<\/div>\n\t\t\t\t<\/div>\n\t\t\t\t\t<\/div>\n\t\t<\/div>\n\t\t\t\t<div class=\"elementor-column elementor-col-33 elementor-inner-column elementor-element elementor-element-537297e\" data-id=\"537297e\" data-element_type=\"column\">\n\t\t\t<div class=\"elementor-widget-wrap elementor-element-populated\">\n\t\t\t\t\t\t\t\t<div class=\"elementor-element elementor-element-1fa0c17 elementor-widget elementor-widget-image\" data-id=\"1fa0c17\" data-element_type=\"widget\" data-widget_type=\"image.default\">\n\t\t\t\t<div class=\"elementor-widget-container\">\n\t\t\t\t\t\t\t\t\t\t\t\t\t\t\t<img decoding=\"async\" width=\"400\" height=\"400\" src=\"https:\/\/vaidefios.com.br\/wp-content\/uploads\/2021\/04\/hair-color.jpg\" class=\"attachment-large size-large wp-image-36\" alt=\"\" loading=\"lazy\" srcset=\"https:\/\/vaidefios.com.br\/wp-content\/uploads\/2021\/04\/hair-color.jpg 400w, https:\/\/vaidefios.com.br\/wp-content\/uploads\/2021\/04\/hair-color-300x300.jpg 300w, https:\/\/vaidefios.com.br\/wp-content\/uploads\/2021\/04\/hair-color-150x150.jpg 150w\" sizes=\"(max-width: 400px) 100vw, 400px\" \/>\t\t\t\t\t\t\t\t\t\t\t\t\t\t\t<\/div>\n\t\t\t\t<\/div>\n\t\t\t\t<div class=\"elementor-element elementor-element-2f7aa6c elementor-widget elementor-widget-heading\" data-id=\"2f7aa6c\" data-element_type=\"widget\" data-widget_type=\"heading.default\">\n\t\t\t\t<div class=\"elementor-widget-container\">\n\t\t\t<h4 class=\"elementor-heading-title elementor-size-default\">Colora\u00e7\u00e3o<\/h4>\t\t<\/div>\n\t\t\t\t<\/div>\n\t\t\t\t<div class=\"elementor-element elementor-element-8ad5897 elementor-widget elementor-widget-text-editor\" data-id=\"8ad5897\" data-element_type=\"widget\" data-widget_type=\"text-editor.default\">\n\t\t\t\t<div class=\"elementor-widget-container\">\n\t\t\t\t\t\t\t<p>Com nossa equipe de coloristas talentosos, voc\u00ea pode transformar a cor do seu cabelo de maneira incr\u00edvel. Seja para adicionar reflexos sutis, realizar uma mudan\u00e7a radical ou cobrir fios grisalhos, utilizamos produtos de alta qualidade para garantir resultados duradouros e vibrantes.<\/p>\t\t\t\t\t\t<\/div>\n\t\t\t\t<\/div>\n\t\t\t\t\t<\/div>\n\t\t<\/div>\n\t\t\t\t<div class=\"elementor-column elementor-col-33 elementor-inner-column elementor-element elementor-element-13acfd6\" data-id=\"13acfd6\" data-element_type=\"column\">\n\t\t\t<div class=\"elementor-widget-wrap elementor-element-populated\">\n\t\t\t\t\t\t\t\t<div class=\"elementor-element elementor-element-5477799 elementor-widget elementor-widget-image\" data-id=\"5477799\" data-element_type=\"widget\" data-widget_type=\"image.default\">\n\t\t\t\t<div class=\"elementor-widget-container\">\n\t\t\t\t\t\t\t\t\t\t\t\t\t\t\t<img decoding=\"async\" width=\"400\" height=\"400\" src=\"https:\/\/vaidefios.com.br\/wp-content\/uploads\/2021\/04\/hair-cut.jpg\" class=\"attachment-large size-large wp-image-37\" alt=\"\" loading=\"lazy\" srcset=\"https:\/\/vaidefios.com.br\/wp-content\/uploads\/2021\/04\/hair-cut.jpg 400w, https:\/\/vaidefios.com.br\/wp-content\/uploads\/2021\/04\/hair-cut-300x300.jpg 300w, https:\/\/vaidefios.com.br\/wp-content\/uploads\/2021\/04\/hair-cut-150x150.jpg 150w\" sizes=\"(max-width: 400px) 100vw, 400px\" \/>\t\t\t\t\t\t\t\t\t\t\t\t\t\t\t<\/div>\n\t\t\t\t<\/div>\n\t\t\t\t<div class=\"elementor-element elementor-element-0bb30a9 elementor-widget elementor-widget-heading\" data-id=\"0bb30a9\" data-element_type=\"widget\" data-widget_type=\"heading.default\">\n\t\t\t\t<div class=\"elementor-widget-container\">\n\t\t\t<h4 class=\"elementor-heading-title elementor-size-default\">Cortes<\/h4>\t\t<\/div>\n\t\t\t\t<\/div>\n\t\t\t\t<div class=\"elementor-element elementor-element-9098699 elementor-widget elementor-widget-text-editor\" data-id=\"9098699\" data-element_type=\"widget\" data-widget_type=\"text-editor.default\">\n\t\t\t\t<div class=\"elementor-widget-container\">\n\t\t\t\t\t\t\t<p>Nossos especialistas em corte de cabelo ir\u00e3o criar um visual personalizado, levando em considera\u00e7\u00e3o sua personalidade, estilo e estrutura capilar. De cortes cl\u00e1ssicos a estilos mais ousados, estamos aqui para transformar seu visual.<\/p>\t\t\t\t\t\t<\/div>\n\t\t\t\t<\/div>\n\t\t\t\t\t<\/div>\n\t\t<\/div>\n\t\t\t\t\t\t\t<\/div>\n\t\t<\/section>\n\t\t\t\t<section class=\"elementor-section elementor-inner-section elementor-element elementor-element-d77b569 elementor-section-boxed elementor-section-height-default elementor-section-height-default\" data-id=\"d77b569\" data-element_type=\"section\">\n\t\t\t\t\t\t<div class=\"elementor-container elementor-column-gap-extended\">\n\t\t\t\t\t<div class=\"elementor-column elementor-col-33 elementor-inner-column elementor-element elementor-element-afaf0bd\" data-id=\"afaf0bd\" data-element_type=\"column\">\n\t\t\t<div class=\"elementor-widget-wrap elementor-element-populated\">\n\t\t\t\t\t\t\t\t<div class=\"elementor-element elementor-element-e38b6d3 elementor-widget elementor-widget-image\" data-id=\"e38b6d3\" data-element_type=\"widget\" data-widget_type=\"image.default\">\n\t\t\t\t<div class=\"elementor-widget-container\">\n\t\t\t\t\t\t\t\t\t\t\t\t\t\t\t<img decoding=\"async\" width=\"400\" height=\"400\" src=\"https:\/\/vaidefios.com.br\/wp-content\/uploads\/2021\/04\/hair-styling.jpg\" class=\"attachment-full size-full wp-image-38\" alt=\"\" loading=\"lazy\" srcset=\"https:\/\/vaidefios.com.br\/wp-content\/uploads\/2021\/04\/hair-styling.jpg 400w, https:\/\/vaidefios.com.br\/wp-content\/uploads\/2021\/04\/hair-styling-300x300.jpg 300w, https:\/\/vaidefios.com.br\/wp-content\/uploads\/2021\/04\/hair-styling-150x150.jpg 150w\" sizes=\"(max-width: 400px) 100vw, 400px\" \/>\t\t\t\t\t\t\t\t\t\t\t\t\t\t\t<\/div>\n\t\t\t\t<\/div>\n\t\t\t\t<div class=\"elementor-element elementor-element-f36a457 elementor-widget elementor-widget-heading\" data-id=\"f36a457\" data-element_type=\"widget\" data-widget_type=\"heading.default\">\n\t\t\t\t<div class=\"elementor-widget-container\">\n\t\t\t<h4 class=\"elementor-heading-title elementor-size-default\">Prancha<\/h4>\t\t<\/div>\n\t\t\t\t<\/div>\n\t\t\t\t<div class=\"elementor-element elementor-element-0ebe203 elementor-widget elementor-widget-text-editor\" data-id=\"0ebe203\" data-element_type=\"widget\" data-widget_type=\"text-editor.default\">\n\t\t\t\t<div class=\"elementor-widget-container\">\n\t\t\t\t\t\t\t<p>Quer alisar, modelar ou dar um toque especial aos seus cabelos? Nossa equipe est\u00e1 pronta para criar penteados incr\u00edveis usando pranchas profissionais. Com t\u00e9cnica e cuidado, voc\u00ea ter\u00e1 cabelos lisos, com ondas suaves ou cachos definidos, de acordo com seu desejo.<\/p>\t\t\t\t\t\t<\/div>\n\t\t\t\t<\/div>\n\t\t\t\t\t<\/div>\n\t\t<\/div>\n\t\t\t\t<div class=\"elementor-column elementor-col-33 elementor-inner-column elementor-element elementor-element-9e8230c\" data-id=\"9e8230c\" data-element_type=\"column\">\n\t\t\t<div class=\"elementor-widget-wrap elementor-element-populated\">\n\t\t\t\t\t\t\t\t<div class=\"elementor-element elementor-element-24b3c56 elementor-widget elementor-widget-image\" data-id=\"24b3c56\" data-element_type=\"widget\" data-widget_type=\"image.default\">\n\t\t\t\t<div class=\"elementor-widget-container\">\n\t\t\t\t\t\t\t\t\t\t\t\t\t\t\t<img decoding=\"async\" width=\"400\" height=\"400\" src=\"https:\/\/vaidefios.com.br\/wp-content\/uploads\/2021\/05\/skin-treatment.jpg\" class=\"attachment-large size-large wp-image-1229\" alt=\"\" loading=\"lazy\" srcset=\"https:\/\/vaidefios.com.br\/wp-content\/uploads\/2021\/05\/skin-treatment.jpg 400w, https:\/\/vaidefios.com.br\/wp-content\/uploads\/2021\/05\/skin-treatment-300x300.jpg 300w, https:\/\/vaidefios.com.br\/wp-content\/uploads\/2021\/05\/skin-treatment-150x150.jpg 150w\" sizes=\"(max-width: 400px) 100vw, 400px\" \/>\t\t\t\t\t\t\t\t\t\t\t\t\t\t\t<\/div>\n\t\t\t\t<\/div>\n\t\t\t\t<div class=\"elementor-element elementor-element-192b094 elementor-widget elementor-widget-heading\" data-id=\"192b094\" data-element_type=\"widget\" data-widget_type=\"heading.default\">\n\t\t\t\t<div class=\"elementor-widget-container\">\n\t\t\t<h4 class=\"elementor-heading-title elementor-size-default\">Terapia Capilar<\/h4>\t\t<\/div>\n\t\t\t\t<\/div>\n\t\t\t\t<div class=\"elementor-element elementor-element-5339f6d elementor-widget elementor-widget-text-editor\" data-id=\"5339f6d\" data-element_type=\"widget\" data-widget_type=\"text-editor.default\">\n\t\t\t\t<div class=\"elementor-widget-container\">\n\t\t\t\t\t\t\t<p>Proporcionamos tratamentos de terapia capilar que visam fortalecer e revitalizar seus fios. Seja para tratar problemas como queda de cabelo, caspa ou couro cabeludo sens\u00edvel, nossos terapeutas capilares oferecem solu\u00e7\u00f5es eficazes para promover a sa\u00fade e o bem-estar do seu cabelo.<\/p>\t\t\t\t\t\t<\/div>\n\t\t\t\t<\/div>\n\t\t\t\t\t<\/div>\n\t\t<\/div>\n\t\t\t\t<div class=\"elementor-column elementor-col-33 elementor-inner-column elementor-element elementor-element-5e30c02\" data-id=\"5e30c02\" data-element_type=\"column\">\n\t\t\t<div class=\"elementor-widget-wrap elementor-element-populated\">\n\t\t\t\t\t\t\t\t<div class=\"elementor-element elementor-element-b5a64f7 elementor-widget elementor-widget-image\" data-id=\"b5a64f7\" data-element_type=\"widget\" data-widget_type=\"image.default\">\n\t\t\t\t<div class=\"elementor-widget-container\">\n\t\t\t\t\t\t\t\t\t\t\t\t\t\t\t<img decoding=\"async\" width=\"400\" height=\"400\" src=\"https:\/\/vaidefios.com.br\/wp-content\/uploads\/2021\/05\/hair-setting.jpg\" class=\"attachment-large size-large wp-image-1228\" alt=\"\" loading=\"lazy\" srcset=\"https:\/\/vaidefios.com.br\/wp-content\/uploads\/2021\/05\/hair-setting.jpg 400w, https:\/\/vaidefios.com.br\/wp-content\/uploads\/2021\/05\/hair-setting-300x300.jpg 300w, https:\/\/vaidefios.com.br\/wp-content\/uploads\/2021\/05\/hair-setting-150x150.jpg 150w\" sizes=\"(max-width: 400px) 100vw, 400px\" \/>\t\t\t\t\t\t\t\t\t\t\t\t\t\t\t<\/div>\n\t\t\t\t<\/div>\n\t\t\t\t<div class=\"elementor-element elementor-element-7e2ab92 elementor-widget elementor-widget-heading\" data-id=\"7e2ab92\" data-element_type=\"widget\" data-widget_type=\"heading.default\">\n\t\t\t\t<div class=\"elementor-widget-container\">\n\t\t\t<h4 class=\"elementor-heading-title elementor-size-default\">Avalia\u00e7\u00e3o Completa<\/h4>\t\t<\/div>\n\t\t\t\t<\/div>\n\t\t\t\t<div class=\"elementor-element elementor-element-a5f658d elementor-widget elementor-widget-text-editor\" data-id=\"a5f658d\" data-element_type=\"widget\" data-widget_type=\"text-editor.default\">\n\t\t\t\t<div class=\"elementor-widget-container\">\n\t\t\t\t\t\t\t<p>Nossa equipe de especialistas far\u00e1 uma avalia\u00e7\u00e3o detalhada do seu cabelo, levando em considera\u00e7\u00e3o fatores como textura, sa\u00fade do couro cabeludo e necessidades individuais. Com base nessa an\u00e1lise, forneceremos recomenda\u00e7\u00f5es personalizadas para cuidar e melhorar a apar\u00eancia do seu cabelo.<\/p>\t\t\t\t\t\t<\/div>\n\t\t\t\t<\/div>\n\t\t\t\t\t<\/div>\n\t\t<\/div>\n\t\t\t\t\t\t\t<\/div>\n\t\t<\/section>\n\t\t\t\t<section class=\"elementor-section elementor-inner-section elementor-element elementor-element-3d2843c elementor-section-boxed elementor-section-height-default elementor-section-height-default\" data-id=\"3d2843c\" data-element_type=\"section\">\n\t\t\t\t\t\t<div class=\"elementor-container elementor-column-gap-extended\">\n\t\t\t\t\t<div class=\"elementor-column elementor-col-33 elementor-inner-column elementor-element elementor-element-61efdc5\" data-id=\"61efdc5\" data-element_type=\"column\">\n\t\t\t<div class=\"elementor-widget-wrap elementor-element-populated\">\n\t\t\t\t\t\t\t\t<div class=\"elementor-element elementor-element-921b356 elementor-widget elementor-widget-image\" data-id=\"921b356\" data-element_type=\"widget\" data-widget_type=\"image.default\">\n\t\t\t\t<div class=\"elementor-widget-container\">\n\t\t\t\t\t\t\t\t\t\t\t\t\t\t\t<img decoding=\"async\" width=\"200\" height=\"200\" src=\"https:\/\/vaidefios.com.br\/wp-content\/uploads\/2021\/04\/customer-img1.jpg\" class=\"attachment-full size-full wp-image-76\" alt=\"\" loading=\"lazy\" srcset=\"https:\/\/vaidefios.com.br\/wp-content\/uploads\/2021\/04\/customer-img1.jpg 200w, https:\/\/vaidefios.com.br\/wp-content\/uploads\/2021\/04\/customer-img1-150x150.jpg 150w\" sizes=\"(max-width: 200px) 100vw, 200px\" \/>\t\t\t\t\t\t\t\t\t\t\t\t\t\t\t<\/div>\n\t\t\t\t<\/div>\n\t\t\t\t<div class=\"elementor-element elementor-element-b874b29 elementor-widget elementor-widget-heading\" data-id=\"b874b29\" data-element_type=\"widget\" data-widget_type=\"heading.default\">\n\t\t\t\t<div class=\"elementor-widget-container\">\n\t\t\t<h4 class=\"elementor-heading-title elementor-size-default\">Manicure<\/h4>\t\t<\/div>\n\t\t\t\t<\/div>\n\t\t\t\t<div class=\"elementor-element elementor-element-8a910f4 elementor-widget elementor-widget-text-editor\" data-id=\"8a910f4\" data-element_type=\"widget\" data-widget_type=\"text-editor.default\">\n\t\t\t\t<div class=\"elementor-widget-container\">\n\t\t\t\t\t\t\t<p>Nossas manicures s\u00e3o especialistas em cuidar das suas m\u00e3os e p\u00e9s, proporcionando um resultado impec\u00e1vel. De cuidados b\u00e1sicos a designs personalizados, oferecemos uma variedade de op\u00e7\u00f5es para garantir que suas m\u00e3os estejam sempre bonitas e bem-cuidadas.<\/p>\t\t\t\t\t\t<\/div>\n\t\t\t\t<\/div>\n\t\t\t\t\t<\/div>\n\t\t<\/div>\n\t\t\t\t<div class=\"elementor-column elementor-col-33 elementor-inner-column elementor-element elementor-element-bb269b1\" data-id=\"bb269b1\" data-element_type=\"column\">\n\t\t\t<div class=\"elementor-widget-wrap elementor-element-populated\">\n\t\t\t\t\t\t\t\t<div class=\"elementor-element elementor-element-252d542 elementor-widget elementor-widget-image\" data-id=\"252d542\" data-element_type=\"widget\" data-widget_type=\"image.default\">\n\t\t\t\t<div class=\"elementor-widget-container\">\n\t\t\t\t\t\t\t\t\t\t\t\t\t\t\t<img decoding=\"async\" width=\"400\" height=\"400\" src=\"https:\/\/vaidefios.com.br\/wp-content\/uploads\/2021\/04\/photoshoots.jpg\" class=\"attachment-large size-large wp-image-789\" alt=\"\" loading=\"lazy\" srcset=\"https:\/\/vaidefios.com.br\/wp-content\/uploads\/2021\/04\/photoshoots.jpg 400w, https:\/\/vaidefios.com.br\/wp-content\/uploads\/2021\/04\/photoshoots-300x300.jpg 300w, https:\/\/vaidefios.com.br\/wp-content\/uploads\/2021\/04\/photoshoots-150x150.jpg 150w\" sizes=\"(max-width: 400px) 100vw, 400px\" \/>\t\t\t\t\t\t\t\t\t\t\t\t\t\t\t<\/div>\n\t\t\t\t<\/div>\n\t\t\t\t<div class=\"elementor-element elementor-element-8d32802 elementor-widget elementor-widget-heading\" data-id=\"8d32802\" data-element_type=\"widget\" data-widget_type=\"heading.default\">\n\t\t\t\t<div class=\"elementor-widget-container\">\n\t\t\t<h4 class=\"elementor-heading-title elementor-size-default\">Design Sobrancelhas<\/h4>\t\t<\/div>\n\t\t\t\t<\/div>\n\t\t\t\t<div class=\"elementor-element elementor-element-8df8c04 elementor-widget elementor-widget-text-editor\" data-id=\"8df8c04\" data-element_type=\"widget\" data-widget_type=\"text-editor.default\">\n\t\t\t\t<div class=\"elementor-widget-container\">\n\t\t\t\t\t\t\t<p>Nossos especialistas em design de sobrancelhas ir\u00e3o moldar suas sobrancelhas de acordo com a forma do seu rosto, real\u00e7ando seus tra\u00e7os e destacando sua beleza natural. Com precis\u00e3o e aten\u00e7\u00e3o aos detalhes, garantimos sobrancelhas impec\u00e1veis e harmoniosas.<\/p>\t\t\t\t\t\t<\/div>\n\t\t\t\t<\/div>\n\t\t\t\t\t<\/div>\n\t\t<\/div>\n\t\t\t\t<div class=\"elementor-column elementor-col-33 elementor-inner-column elementor-element elementor-element-51f4d2a\" data-id=\"51f4d2a\" data-element_type=\"column\" data-settings=\"{&quot;background_background&quot;:&quot;classic&quot;}\">\n\t\t\t<div class=\"elementor-widget-wrap elementor-element-populated\">\n\t\t\t\t\t\t\t\t<div class=\"elementor-element elementor-element-85034ab elementor-widget elementor-widget-heading\" data-id=\"85034ab\" data-element_type=\"widget\" data-widget_type=\"heading.default\">\n\t\t\t\t<div class=\"elementor-widget-container\">\n\t\t\t<h4 class=\"elementor-heading-title elementor-size-default\">E muito MAIS!<\/h4>\t\t<\/div>\n\t\t\t\t<\/div>\n\t\t\t\t<div class=\"elementor-element elementor-element-27d8138 elementor-align-center elementor-widget elementor-widget-button\" data-id=\"27d8138\" data-element_type=\"widget\" data-widget_type=\"button.default\">\n\t\t\t\t<div class=\"elementor-widget-container\">\n\t\t\t\t\t<div class=\"elementor-button-wrapper\">\n\t\t\t<a class=\"elementor-button elementor-button-link elementor-size-sm\" href=\"https:\/\/api.whatsapp.com\/send?phone=5561992339447\">\n\t\t\t\t\t\t<span class=\"elementor-button-content-wrapper\">\n\t\t\t\t\t\t<span class=\"elementor-button-text\">Fale conosco!<\/span>\n\t\t<\/span>\n\t\t\t\t\t<\/a>\n\t\t<\/div>\n\t\t\t\t<\/div>\n\t\t\t\t<\/div>\n\t\t\t\t\t<\/div>\n\t\t<\/div>\n\t\t\t\t\t\t\t<\/div>\n\t\t<\/section>\n\t\t\t\t\t<\/div>\n\t\t<\/div>\n\t\t\t\t\t\t\t<\/div>\n\t\t<\/section>\n\t\t\t\t\t\t\t<\/div>\n\t\t","protected":false},"excerpt":{"rendered":"<p>Nossos Servi\u00e7os Maquiagem Nossos maquiadores experientes est\u00e3o prontos para real\u00e7ar sua beleza natural. Seja para uma ocasi\u00e3o especial ou apenas para se sentir confiante no dia a dia, oferecemos uma variedade de t\u00e9cnicas e produtos de alta qualidade para criar uma maquiagem perfeita, ressaltando seus melhores tra\u00e7os. Colora\u00e7\u00e3o Com nossa equipe de coloristas talentosos, voc\u00ea &hellip;<\/p>\n<p class=\"read-more\"> <a class=\"\" href=\"https:\/\/vaidefios.com.br\/index.php\/services\/\"> <span class=\"screen-reader-text\">Services<\/span> Read More &raquo;<\/a><\/p>\n","protected":false},"author":1,"featured_media":0,"parent":0,"menu_order":0,"comment_status":"closed","ping_status":"closed","template":"","meta":{"site-sidebar-layout":"no-sidebar","site-content-layout":"page-builder","ast-global-header-display":"","ast-banner-title-visibility":"","ast-main-header-display":"","ast-hfb-above-header-display":"","ast-hfb-below-header-display":"","ast-hfb-mobile-header-display":"","site-post-title":"disabled","ast-breadcrumbs-content":"","ast-featured-img":"disabled","footer-sml-layout":"","theme-transparent-header-meta":"enabled","adv-header-id-meta":"","stick-header-meta":"","header-above-stick-meta":"","header-main-stick-meta":"","header-below-stick-meta":""},"_links":{"self":[{"href":"https:\/\/vaidefios.com.br\/index.php\/wp-json\/wp\/v2\/pages\/996"}],"collection":[{"href":"https:\/\/vaidefios.com.br\/index.php\/wp-json\/wp\/v2\/pages"}],"about":[{"href":"https:\/\/vaidefios.com.br\/index.php\/wp-json\/wp\/v2\/types\/page"}],"author":[{"embeddable":true,"href":"https:\/\/vaidefios.com.br\/index.php\/wp-json\/wp\/v2\/users\/1"}],"replies":[{"embeddable":true,"href":"https:\/\/vaidefios.com.br\/index.php\/wp-json\/wp\/v2\/comments?post=996"}],"version-history":[{"count":4,"href":"https:\/\/vaidefios.com.br\/index.php\/wp-json\/wp\/v2\/pages\/996\/revisions"}],"predecessor-version":[{"id":1326,"href":"https:\/\/vaidefios.com.br\/index.php\/wp-json\/wp\/v2\/pages\/996\/revisions\/1326"}],"wp:attachment":[{"href":"https:\/\/vaidefios.com.br\/index.php\/wp-json\/wp\/v2\/media?parent=996"}],"curies":[{"name":"wp","href":"https:\/\/api.w.org\/{rel}","templated":true}]}}