{"id":950,"date":"2021-04-23T06:55:04","date_gmt":"2021-04-23T06:55:04","guid":{"rendered":"https:\/\/vaidefios.com.br\/index.php\/about\/"},"modified":"2023-07-04T16:22:35","modified_gmt":"2023-07-04T19:22:35","slug":"about","status":"publish","type":"page","link":"https:\/\/vaidefios.com.br\/index.php\/about\/","title":{"rendered":"About"},"content":{"rendered":"\t\t<div data-elementor-type=\"wp-page\" data-elementor-id=\"950\" class=\"elementor elementor-950\">\n\t\t\t\t\t\t\t\t\t<section class=\"elementor-section elementor-top-section elementor-element elementor-element-83d8d17 elementor-section-boxed elementor-section-height-default elementor-section-height-default\" data-id=\"83d8d17\" data-element_type=\"section\" data-settings=\"{&quot;background_background&quot;:&quot;classic&quot;}\">\n\t\t\t\t\t\t<div class=\"elementor-container elementor-column-gap-no\">\n\t\t\t\t\t<div class=\"elementor-column elementor-col-100 elementor-top-column elementor-element elementor-element-70e39c2\" data-id=\"70e39c2\" data-element_type=\"column\">\n\t\t\t<div class=\"elementor-widget-wrap elementor-element-populated\">\n\t\t\t\t\t\t\t\t<div class=\"elementor-element elementor-element-a046c6f elementor-invisible elementor-widget elementor-widget-heading\" data-id=\"a046c6f\" data-element_type=\"widget\" data-settings=\"{&quot;_animation&quot;:&quot;fadeInDown&quot;}\" data-widget_type=\"heading.default\">\n\t\t\t\t<div class=\"elementor-widget-container\">\n\t\t\t<style>\/*! elementor - v3.14.0 - 26-06-2023 *\/\n.elementor-heading-title{padding:0;margin:0;line-height:1}.elementor-widget-heading .elementor-heading-title[class*=elementor-size-]>a{color:inherit;font-size:inherit;line-height:inherit}.elementor-widget-heading .elementor-heading-title.elementor-size-small{font-size:15px}.elementor-widget-heading .elementor-heading-title.elementor-size-medium{font-size:19px}.elementor-widget-heading .elementor-heading-title.elementor-size-large{font-size:29px}.elementor-widget-heading .elementor-heading-title.elementor-size-xl{font-size:39px}.elementor-widget-heading .elementor-heading-title.elementor-size-xxl{font-size:59px}<\/style><h1 class=\"elementor-heading-title elementor-size-default\">Sobre o Studio<\/h1>\t\t<\/div>\n\t\t\t\t<\/div>\n\t\t\t\t\t<\/div>\n\t\t<\/div>\n\t\t\t\t\t\t\t<\/div>\n\t\t<\/section>\n\t\t\t\t<section class=\"elementor-section elementor-top-section elementor-element elementor-element-ca024ef elementor-section-content-middle elementor-section-boxed elementor-section-height-default elementor-section-height-default\" data-id=\"ca024ef\" data-element_type=\"section\" data-settings=\"{&quot;background_background&quot;:&quot;classic&quot;}\">\n\t\t\t\t\t\t<div class=\"elementor-container elementor-column-gap-no\">\n\t\t\t\t\t<div class=\"elementor-column elementor-col-66 elementor-top-column elementor-element elementor-element-84d8e7d\" data-id=\"84d8e7d\" data-element_type=\"column\">\n\t\t\t<div class=\"elementor-widget-wrap elementor-element-populated\">\n\t\t\t\t\t\t\t\t<div class=\"elementor-element elementor-element-3b305d0 elementor-invisible elementor-widget elementor-widget-heading\" data-id=\"3b305d0\" data-element_type=\"widget\" data-settings=\"{&quot;_animation&quot;:&quot;fadeInLeft&quot;}\" data-widget_type=\"heading.default\">\n\t\t\t\t<div class=\"elementor-widget-container\">\n\t\t\t<h2 class=\"elementor-heading-title elementor-size-default\">Studio J\u00f4 Carvalho<\/h2>\t\t<\/div>\n\t\t\t\t<\/div>\n\t\t\t\t<div class=\"elementor-element elementor-element-eeca957 elementor-invisible elementor-widget elementor-widget-text-editor\" data-id=\"eeca957\" data-element_type=\"widget\" data-settings=\"{&quot;_animation&quot;:&quot;fadeInRight&quot;}\" data-widget_type=\"text-editor.default\">\n\t\t\t\t<div class=\"elementor-widget-container\">\n\t\t\t<style>\/*! elementor - v3.14.0 - 26-06-2023 *\/\n.elementor-widget-text-editor.elementor-drop-cap-view-stacked .elementor-drop-cap{background-color:#69727d;color:#fff}.elementor-widget-text-editor.elementor-drop-cap-view-framed .elementor-drop-cap{color:#69727d;border:3px solid;background-color:transparent}.elementor-widget-text-editor:not(.elementor-drop-cap-view-default) .elementor-drop-cap{margin-top:8px}.elementor-widget-text-editor:not(.elementor-drop-cap-view-default) .elementor-drop-cap-letter{width:1em;height:1em}.elementor-widget-text-editor .elementor-drop-cap{float:left;text-align:center;line-height:1;font-size:50px}.elementor-widget-text-editor .elementor-drop-cap-letter{display:inline-block}<\/style>\t\t\t\t<p>Espa\u00e7o de Beleza Compartilhado\u00a0<\/p>\t\t\t\t\t\t<\/div>\n\t\t\t\t<\/div>\n\t\t\t\t<div class=\"elementor-element elementor-element-5192110 elementor-invisible elementor-widget elementor-widget-text-editor\" data-id=\"5192110\" data-element_type=\"widget\" data-settings=\"{&quot;_animation&quot;:&quot;fadeInRight&quot;}\" data-widget_type=\"text-editor.default\">\n\t\t\t\t<div class=\"elementor-widget-container\">\n\t\t\t\t\t\t\t<p>\u00a0 \u00a0Imagine um lugar onde voc\u00ea encontra todos os servi\u00e7os de beleza que precisa, com profissionais especializados em cada \u00e1rea. No Studio J\u00f4 Carvalho, essa vis\u00e3o se torna realidade. Nossa equipe \u00e9 composta por cabeleireiros, maquiadores, esteticistas, manicures e muito mais. Cada profissional traz consigo sua expertise e paix\u00e3o pela beleza, garantindo que voc\u00ea receba um atendimento excepcional.<\/p><p><span style=\"background-color: var( --e-global-color-astglobalcolor5 ); color: var(--ast-global-color-3); font-style: inherit; font-weight: inherit;\">\u00a0 \u00a0No Espa\u00e7o de Beleza Compartilhado do Studio J\u00f4 Carvalho, voc\u00ea ter\u00e1 acesso a uma ampla gama de servi\u00e7os, desde cortes de cabelo e colora\u00e7\u00f5es at\u00e9 penteados deslumbrantes, maquiagem impec\u00e1vel, tratamentos faciais rejuvenescedores, unhas perfeitas e muito mais. Seja qual for o seu estilo ou necessidade, nossos profissionais est\u00e3o prontos para criar resultados personalizados que far\u00e3o voc\u00ea se sentir confiante e radiante.<\/span><\/p><p><span style=\"background-color: var( --e-global-color-astglobalcolor5 ); color: var(--ast-global-color-3); font-style: inherit; font-weight: inherit;\">\u00a0 \u00a0Al\u00e9m da variedade de servi\u00e7os, o ambiente do Studio J\u00f4 Carvalho \u00e9 projetado para oferecer conforto e relaxamento. Nossas instala\u00e7\u00f5es modernas e bem equipadas proporcionam um espa\u00e7o acolhedor, onde voc\u00ea pode desfrutar de momentos de cuidado pessoal e beleza. Acreditamos que a experi\u00eancia de beleza deve ser n\u00e3o apenas esteticamente gratificante, mas tamb\u00e9m um momento de autocuidado e bem-estar.<\/span><\/p>\t\t\t\t\t\t<\/div>\n\t\t\t\t<\/div>\n\t\t\t\t\t<\/div>\n\t\t<\/div>\n\t\t\t\t<div class=\"elementor-column elementor-col-33 elementor-top-column elementor-element elementor-element-d757ef3\" data-id=\"d757ef3\" data-element_type=\"column\">\n\t\t\t<div class=\"elementor-widget-wrap elementor-element-populated\">\n\t\t\t\t\t\t\t\t<div class=\"elementor-element elementor-element-6de7607 elementor-invisible elementor-widget elementor-widget-image\" data-id=\"6de7607\" data-element_type=\"widget\" data-settings=\"{&quot;_animation&quot;:&quot;fadeInLeft&quot;}\" data-widget_type=\"image.default\">\n\t\t\t\t<div class=\"elementor-widget-container\">\n\t\t\t<style>\/*! elementor - v3.14.0 - 26-06-2023 *\/\n.elementor-widget-image{text-align:center}.elementor-widget-image a{display:inline-block}.elementor-widget-image a img[src$=\".svg\"]{width:48px}.elementor-widget-image img{vertical-align:middle;display:inline-block}<\/style>\t\t\t\t\t\t\t\t\t\t\t\t<img decoding=\"async\" width=\"630\" height=\"1024\" src=\"https:\/\/vaidefios.com.br\/wp-content\/uploads\/2023\/07\/WhatsApp-Image-2023-07-03-at-17.49.30.jpeg\" class=\"attachment-1536x1536 size-1536x1536 wp-image-1337\" alt=\"\" loading=\"lazy\" srcset=\"https:\/\/vaidefios.com.br\/wp-content\/uploads\/2023\/07\/WhatsApp-Image-2023-07-03-at-17.49.30.jpeg 630w, https:\/\/vaidefios.com.br\/wp-content\/uploads\/2023\/07\/WhatsApp-Image-2023-07-03-at-17.49.30-185x300.jpeg 185w\" sizes=\"(max-width: 630px) 100vw, 630px\" \/>\t\t\t\t\t\t\t\t\t\t\t\t\t\t\t<\/div>\n\t\t\t\t<\/div>\n\t\t\t\t\t<\/div>\n\t\t<\/div>\n\t\t\t\t\t\t\t<\/div>\n\t\t<\/section>\n\t\t\t\t<section class=\"elementor-section elementor-top-section elementor-element elementor-element-e97c3d9 elementor-section-content-middle elementor-section-boxed elementor-section-height-default elementor-section-height-default\" data-id=\"e97c3d9\" data-element_type=\"section\" data-settings=\"{&quot;background_background&quot;:&quot;classic&quot;}\">\n\t\t\t\t\t\t<div class=\"elementor-container elementor-column-gap-no\">\n\t\t\t\t\t<div class=\"elementor-column elementor-col-33 elementor-top-column elementor-element elementor-element-8d07c0f\" data-id=\"8d07c0f\" data-element_type=\"column\">\n\t\t\t<div class=\"elementor-widget-wrap elementor-element-populated\">\n\t\t\t\t\t\t\t\t<div class=\"elementor-element elementor-element-3d8d8c8 elementor-invisible elementor-widget elementor-widget-image\" data-id=\"3d8d8c8\" data-element_type=\"widget\" data-settings=\"{&quot;_animation&quot;:&quot;fadeInUp&quot;}\" data-widget_type=\"image.default\">\n\t\t\t\t<div class=\"elementor-widget-container\">\n\t\t\t\t\t\t\t\t\t\t\t\t\t\t\t<img decoding=\"async\" width=\"512\" height=\"512\" src=\"https:\/\/vaidefios.com.br\/wp-content\/uploads\/2023\/06\/cropped-Logotipo-Sem-Fundo-Carlos-Vinicius-Pereira-Barbosa-1.png\" class=\"attachment-large size-large wp-image-1275\" alt=\"\" loading=\"lazy\" srcset=\"https:\/\/vaidefios.com.br\/wp-content\/uploads\/2023\/06\/cropped-Logotipo-Sem-Fundo-Carlos-Vinicius-Pereira-Barbosa-1.png 512w, https:\/\/vaidefios.com.br\/wp-content\/uploads\/2023\/06\/cropped-Logotipo-Sem-Fundo-Carlos-Vinicius-Pereira-Barbosa-1-300x300.png 300w, https:\/\/vaidefios.com.br\/wp-content\/uploads\/2023\/06\/cropped-Logotipo-Sem-Fundo-Carlos-Vinicius-Pereira-Barbosa-1-150x150.png 150w, https:\/\/vaidefios.com.br\/wp-content\/uploads\/2023\/06\/cropped-Logotipo-Sem-Fundo-Carlos-Vinicius-Pereira-Barbosa-1-270x270.png 270w, https:\/\/vaidefios.com.br\/wp-content\/uploads\/2023\/06\/cropped-Logotipo-Sem-Fundo-Carlos-Vinicius-Pereira-Barbosa-1-192x192.png 192w, https:\/\/vaidefios.com.br\/wp-content\/uploads\/2023\/06\/cropped-Logotipo-Sem-Fundo-Carlos-Vinicius-Pereira-Barbosa-1-180x180.png 180w, https:\/\/vaidefios.com.br\/wp-content\/uploads\/2023\/06\/cropped-Logotipo-Sem-Fundo-Carlos-Vinicius-Pereira-Barbosa-1-32x32.png 32w\" sizes=\"(max-width: 512px) 100vw, 512px\" \/>\t\t\t\t\t\t\t\t\t\t\t\t\t\t\t<\/div>\n\t\t\t\t<\/div>\n\t\t\t\t\t<\/div>\n\t\t<\/div>\n\t\t\t\t<div class=\"elementor-column elementor-col-66 elementor-top-column elementor-element elementor-element-06b5729\" data-id=\"06b5729\" data-element_type=\"column\">\n\t\t\t<div class=\"elementor-widget-wrap elementor-element-populated\">\n\t\t\t\t\t\t\t\t<div class=\"elementor-element elementor-element-6e3b3d0 elementor-invisible elementor-widget elementor-widget-heading\" data-id=\"6e3b3d0\" data-element_type=\"widget\" data-settings=\"{&quot;_animation&quot;:&quot;fadeInRight&quot;}\" data-widget_type=\"heading.default\">\n\t\t\t\t<div class=\"elementor-widget-container\">\n\t\t\t<h2 class=\"elementor-heading-title elementor-size-default\">Nossa Miss\u00e3o<\/h2>\t\t<\/div>\n\t\t\t\t<\/div>\n\t\t\t\t<div class=\"elementor-element elementor-element-066722d elementor-invisible elementor-widget elementor-widget-text-editor\" data-id=\"066722d\" data-element_type=\"widget\" data-settings=\"{&quot;_animation&quot;:&quot;fadeInRight&quot;}\" data-widget_type=\"text-editor.default\">\n\t\t\t\t<div class=\"elementor-widget-container\">\n\t\t\t\t\t\t\t<p>Transformar sua experi\u00eancia de beleza em algo excepcional!<\/p>\t\t\t\t\t\t<\/div>\n\t\t\t\t<\/div>\n\t\t\t\t<div class=\"elementor-element elementor-element-f074ef3 elementor-invisible elementor-widget elementor-widget-text-editor\" data-id=\"f074ef3\" data-element_type=\"widget\" data-settings=\"{&quot;_animation&quot;:&quot;fadeInLeft&quot;}\" data-widget_type=\"text-editor.default\">\n\t\t\t\t<div class=\"elementor-widget-container\">\n\t\t\t\t\t\t\t<p>Queremos que voc\u00ea se sinta incr\u00edvel em cada visita. Estamos comprometidos em oferecer servi\u00e7os de beleza de alta qualidade, realizados por profissionais talentosos e apaixonados pelo que fazem.<\/p><p><span style=\"font-style: inherit; font-weight: inherit; background-color: var( --e-global-color-astglobalcolor4 ); color: var(--ast-global-color-3);\">Acreditamos que a beleza vai al\u00e9m da apar\u00eancia f\u00edsica. Ela est\u00e1 profundamente ligada \u00e0 autoestima, confian\u00e7a e bem-estar. Por isso, nos esfor\u00e7amos para criar um ambiente acolhedor e relaxante, onde voc\u00ea possa se cuidar e se sentir revigorada<\/span><\/p>\t\t\t\t\t\t<\/div>\n\t\t\t\t<\/div>\n\t\t\t\t\t<\/div>\n\t\t<\/div>\n\t\t\t\t\t\t\t<\/div>\n\t\t<\/section>\n\t\t\t\t<section class=\"elementor-section elementor-top-section elementor-element elementor-element-12727fa elementor-section-content-middle elementor-section-boxed elementor-section-height-default elementor-section-height-default\" data-id=\"12727fa\" data-element_type=\"section\" data-settings=\"{&quot;background_background&quot;:&quot;classic&quot;}\">\n\t\t\t\t\t\t<div class=\"elementor-container elementor-column-gap-no\">\n\t\t\t\t\t<div class=\"elementor-column elementor-col-66 elementor-top-column elementor-element elementor-element-03f62b4\" data-id=\"03f62b4\" data-element_type=\"column\">\n\t\t\t<div class=\"elementor-widget-wrap elementor-element-populated\">\n\t\t\t\t\t\t\t\t<div class=\"elementor-element elementor-element-be0e895 elementor-invisible elementor-widget elementor-widget-heading\" data-id=\"be0e895\" data-element_type=\"widget\" data-settings=\"{&quot;_animation&quot;:&quot;fadeInLeft&quot;}\" data-widget_type=\"heading.default\">\n\t\t\t\t<div class=\"elementor-widget-container\">\n\t\t\t<h2 class=\"elementor-heading-title elementor-size-default\">Agende seu hor\u00e1rio conosco!<\/h2>\t\t<\/div>\n\t\t\t\t<\/div>\n\t\t\t\t\t<\/div>\n\t\t<\/div>\n\t\t\t\t<div class=\"elementor-column elementor-col-33 elementor-top-column elementor-element elementor-element-0a71b76\" data-id=\"0a71b76\" data-element_type=\"column\">\n\t\t\t<div class=\"elementor-widget-wrap elementor-element-populated\">\n\t\t\t\t\t\t\t\t<div class=\"elementor-element elementor-element-09d74f7 elementor-align-center elementor-tablet-align-right elementor-mobile-align-center elementor-invisible elementor-widget elementor-widget-button\" data-id=\"09d74f7\" data-element_type=\"widget\" data-settings=\"{&quot;_animation&quot;:&quot;fadeInLeft&quot;}\" data-widget_type=\"button.default\">\n\t\t\t\t<div class=\"elementor-widget-container\">\n\t\t\t\t\t<div class=\"elementor-button-wrapper\">\n\t\t\t<a class=\"elementor-button elementor-button-link elementor-size-sm\" href=\"https:\/\/api.whatsapp.com\/send?phone=5561992339447\">\n\t\t\t\t\t\t<span class=\"elementor-button-content-wrapper\">\n\t\t\t\t\t\t<span class=\"elementor-button-icon elementor-align-icon-left\">\n\t\t\t\t<i aria-hidden=\"true\" class=\"fas fa-phone-alt\"><\/i>\t\t\t<\/span>\n\t\t\t\t\t\t<span class=\"elementor-button-text\">Agendar agora!<\/span>\n\t\t<\/span>\n\t\t\t\t\t<\/a>\n\t\t<\/div>\n\t\t\t\t<\/div>\n\t\t\t\t<\/div>\n\t\t\t\t\t<\/div>\n\t\t<\/div>\n\t\t\t\t\t\t\t<\/div>\n\t\t<\/section>\n\t\t\t\t\t\t\t<\/div>\n\t\t","protected":false},"excerpt":{"rendered":"<p>Sobre o Studio Studio J\u00f4 Carvalho Espa\u00e7o de Beleza Compartilhado\u00a0 \u00a0 \u00a0Imagine um lugar onde voc\u00ea encontra todos os servi\u00e7os de beleza que precisa, com profissionais especializados em cada \u00e1rea. No Studio J\u00f4 Carvalho, essa vis\u00e3o se torna realidade. Nossa equipe \u00e9 composta por cabeleireiros, maquiadores, esteticistas, manicures e muito mais. Cada profissional traz consigo &hellip;<\/p>\n<p class=\"read-more\"> <a class=\"\" href=\"https:\/\/vaidefios.com.br\/index.php\/about\/\"> <span class=\"screen-reader-text\">About<\/span> Read More &raquo;<\/a><\/p>\n","protected":false},"author":1,"featured_media":0,"parent":0,"menu_order":0,"comment_status":"closed","ping_status":"closed","template":"","meta":{"site-sidebar-layout":"no-sidebar","site-content-layout":"page-builder","ast-global-header-display":"","ast-banner-title-visibility":"","ast-main-header-display":"","ast-hfb-above-header-display":"","ast-hfb-below-header-display":"","ast-hfb-mobile-header-display":"","site-post-title":"disabled","ast-breadcrumbs-content":"","ast-featured-img":"disabled","footer-sml-layout":"","theme-transparent-header-meta":"enabled","adv-header-id-meta":"","stick-header-meta":"","header-above-stick-meta":"","header-main-stick-meta":"","header-below-stick-meta":""},"_links":{"self":[{"href":"https:\/\/vaidefios.com.br\/index.php\/wp-json\/wp\/v2\/pages\/950"}],"collection":[{"href":"https:\/\/vaidefios.com.br\/index.php\/wp-json\/wp\/v2\/pages"}],"about":[{"href":"https:\/\/vaidefios.com.br\/index.php\/wp-json\/wp\/v2\/types\/page"}],"author":[{"embeddable":true,"href":"https:\/\/vaidefios.com.br\/index.php\/wp-json\/wp\/v2\/users\/1"}],"replies":[{"embeddable":true,"href":"https:\/\/vaidefios.com.br\/index.php\/wp-json\/wp\/v2\/comments?post=950"}],"version-history":[{"count":13,"href":"https:\/\/vaidefios.com.br\/index.php\/wp-json\/wp\/v2\/pages\/950\/revisions"}],"predecessor-version":[{"id":1344,"href":"https:\/\/vaidefios.com.br\/index.php\/wp-json\/wp\/v2\/pages\/950\/revisions\/1344"}],"wp:attachment":[{"href":"https:\/\/vaidefios.com.br\/index.php\/wp-json\/wp\/v2\/media?parent=950"}],"curies":[{"name":"wp","href":"https:\/\/api.w.org\/{rel}","templated":true}]}}